{"id":1497,"date":"2024-05-08T19:05:06","date_gmt":"2024-05-08T19:05:06","guid":{"rendered":"https:\/\/jeannicolasdiatkine.com\/biography\/"},"modified":"2025-11-09T15:57:06","modified_gmt":"2025-11-09T15:57:06","slug":"biography","status":"publish","type":"page","link":"https:\/\/jeannicolasdiatkine.com\/fr\/biography\/","title":{"rendered":"Biographie"},"content":{"rendered":"\t\t<div data-elementor-type=\"wp-page\" data-elementor-id=\"1497\" class=\"elementor elementor-1497 elementor-61\" data-elementor-post-type=\"page\">\n\t\t\t\t<div class=\"elementor-element elementor-element-7d4c2f88 e-con-full e-flex e-con e-parent\" data-id=\"7d4c2f88\" data-element_type=\"container\" data-e-type=\"container\" data-settings=\"{&quot;background_background&quot;:&quot;classic&quot;,&quot;shape_divider_bottom&quot;:&quot;curve&quot;,&quot;shape_divider_bottom_negative&quot;:&quot;yes&quot;}\">\n\t\t\t\t<div class=\"elementor-shape elementor-shape-bottom\" aria-hidden=\"true\" data-negative=\"true\">\n\t\t\t<svg xmlns=\"http:\/\/www.w3.org\/2000\/svg\" viewBox=\"0 0 1000 100\" preserveAspectRatio=\"none\">\n\t<path class=\"elementor-shape-fill\" d=\"M500,97C126.7,96.3,0.8,19.8,0,0v100l1000,0V1C1000,19.4,873.3,97.8,500,97z\"\/>\n<\/svg>\t\t<\/div>\n\t\t\t\t<div class=\"elementor-element elementor-element-fb50aa3 elementor-widget elementor-widget-heading\" data-id=\"fb50aa3\" data-element_type=\"widget\" data-e-type=\"widget\" data-widget_type=\"heading.default\">\n\t\t\t\t<div class=\"elementor-widget-container\">\n\t\t\t\t\t<h2 class=\"elementor-heading-title elementor-size-default\">Biographie<\/h2>\t\t\t\t<\/div>\n\t\t\t\t<\/div>\n\t\t\t\t<\/div>\n\t\t<div class=\"elementor-element elementor-element-7e809b6 e-flex e-con-boxed e-con e-parent\" data-id=\"7e809b6\" data-element_type=\"container\" data-e-type=\"container\">\n\t\t\t\t\t<div class=\"e-con-inner\">\n\t\t<div class=\"elementor-element elementor-element-778911fe e-con-full e-flex e-con e-child\" data-id=\"778911fe\" data-element_type=\"container\" data-e-type=\"container\">\n\t\t\t\t<div class=\"elementor-element elementor-element-144a7a7a elementor-widget elementor-widget-heading\" data-id=\"144a7a7a\" data-element_type=\"widget\" data-e-type=\"widget\" data-widget_type=\"heading.default\">\n\t\t\t\t<div class=\"elementor-widget-container\">\n\t\t\t\t\t<h2 class=\"elementor-heading-title elementor-size-default\">Formation et h\u00e9ritage musical<\/h2>\t\t\t\t<\/div>\n\t\t\t\t<\/div>\n\t\t\t\t<div class=\"elementor-element elementor-element-3a159fed elementor-widget elementor-widget-text-editor\" data-id=\"3a159fed\" data-element_type=\"widget\" data-e-type=\"widget\" data-widget_type=\"text-editor.default\">\n\t\t\t\t<div class=\"elementor-widget-container\">\n\t\t\t\t\t\t\t\t\t<p data-start=\"222\" data-end=\"684\">N\u00e9 \u00e0 Paris en 1964, <strong data-start=\"245\" data-end=\"270\">Jean-Nicolas Diatkine<\/strong> commence le piano \u00e0 l&rsquo;\u00e2ge de six ans avec <strong>Wilfredo Voguet<\/strong>. Il \u00e9tudie ensuite avec plusieurs disciples de <strong>Claudio Arrau<\/strong> (Carlindo Val\u00e9riani, Joseph Villa, Kenneth Broadaway) avant de rencontrer <strong>Ruth Nye<\/strong> \u00e0 Londres, qui lui transmet l&rsquo;art des couleurs sonores d&rsquo;Arrau. Pendant treize ans, le compositeur <strong>Narcis Bonet<\/strong> le guide dans l&rsquo;analyse m\u00e9ticuleuse de l&rsquo;architecture musicale, fa\u00e7onnant sa profondeur interpr\u00e9tative et son sens de la structure.  <\/p>\t\t\t\t\t\t\t\t<\/div>\n\t\t\t\t<\/div>\n\t\t\t\t<\/div>\n\t\t<div class=\"elementor-element elementor-element-192a3af e-con-full e-flex e-con e-child\" data-id=\"192a3af\" data-element_type=\"container\" data-e-type=\"container\">\n\t\t\t\t<div class=\"elementor-element elementor-element-898c72c elementor-widget elementor-widget-image\" data-id=\"898c72c\" data-element_type=\"widget\" data-e-type=\"widget\" data-widget_type=\"image.default\">\n\t\t\t\t<div class=\"elementor-widget-container\">\n\t\t\t\t\t\t\t\t\t\t\t\t\t\t\t<img fetchpriority=\"high\" decoding=\"async\" width=\"683\" height=\"1024\" src=\"https:\/\/jeannicolasdiatkine.com\/wp-content\/uploads\/2024\/05\/115_copie-683x1024.jpg\" class=\"attachment-large size-large wp-image-1472\" alt=\"\" srcset=\"https:\/\/jeannicolasdiatkine.com\/wp-content\/uploads\/2024\/05\/115_copie-683x1024.jpg 683w, https:\/\/jeannicolasdiatkine.com\/wp-content\/uploads\/2024\/05\/115_copie-200x300.jpg 200w, https:\/\/jeannicolasdiatkine.com\/wp-content\/uploads\/2024\/05\/115_copie-768x1152.jpg 768w, https:\/\/jeannicolasdiatkine.com\/wp-content\/uploads\/2024\/05\/115_copie-1024x1536.jpg 1024w, https:\/\/jeannicolasdiatkine.com\/wp-content\/uploads\/2024\/05\/115_copie-1366x2048.jpg 1366w, https:\/\/jeannicolasdiatkine.com\/wp-content\/uploads\/2024\/05\/115_copie.jpg 1567w\" sizes=\"(max-width: 683px) 100vw, 683px\" \/>\t\t\t\t\t\t\t\t\t\t\t\t\t\t\t<\/div>\n\t\t\t\t<\/div>\n\t\t\t\t<\/div>\n\t\t\t\t\t<\/div>\n\t\t\t\t<\/div>\n\t\t<div class=\"elementor-element elementor-element-c82880c e-flex e-con-boxed e-con e-parent\" data-id=\"c82880c\" data-element_type=\"container\" data-e-type=\"container\" data-settings=\"{&quot;background_background&quot;:&quot;classic&quot;}\">\n\t\t\t\t\t<div class=\"e-con-inner\">\n\t\t<div class=\"elementor-element elementor-element-fe697c9 e-con-full e-flex e-con e-child\" data-id=\"fe697c9\" data-element_type=\"container\" data-e-type=\"container\">\n\t\t\t\t<div class=\"elementor-element elementor-element-4d6506f elementor-widget elementor-widget-image\" data-id=\"4d6506f\" data-element_type=\"widget\" data-e-type=\"widget\" data-widget_type=\"image.default\">\n\t\t\t\t<div class=\"elementor-widget-container\">\n\t\t\t\t\t\t\t\t\t\t\t\t\t\t\t<img decoding=\"async\" width=\"800\" height=\"531\" src=\"https:\/\/jeannicolasdiatkine.com\/wp-content\/uploads\/2024\/05\/JND15-1024x680.jpg\" class=\"attachment-large size-large wp-image-1469\" alt=\"\" srcset=\"https:\/\/jeannicolasdiatkine.com\/wp-content\/uploads\/2024\/05\/JND15-1024x680.jpg 1024w, https:\/\/jeannicolasdiatkine.com\/wp-content\/uploads\/2024\/05\/JND15-300x199.jpg 300w, https:\/\/jeannicolasdiatkine.com\/wp-content\/uploads\/2024\/05\/JND15-768x510.jpg 768w, https:\/\/jeannicolasdiatkine.com\/wp-content\/uploads\/2024\/05\/JND15-1536x1020.jpg 1536w, https:\/\/jeannicolasdiatkine.com\/wp-content\/uploads\/2024\/05\/JND15-2048x1360.jpg 2048w\" sizes=\"(max-width: 800px) 100vw, 800px\" \/>\t\t\t\t\t\t\t\t\t\t\t\t\t\t\t<\/div>\n\t\t\t\t<\/div>\n\t\t\t\t<\/div>\n\t\t<div class=\"elementor-element elementor-element-1b33e55 e-con-full e-flex e-con e-child\" data-id=\"1b33e55\" data-element_type=\"container\" data-e-type=\"container\">\n\t\t\t\t<div class=\"elementor-element elementor-element-bdab71d elementor-widget elementor-widget-heading\" data-id=\"bdab71d\" data-element_type=\"widget\" data-e-type=\"widget\" data-widget_type=\"heading.default\">\n\t\t\t\t<div class=\"elementor-widget-container\">\n\t\t\t\t\t<h2 class=\"elementor-heading-title elementor-size-default\">Une approche distinctive<\/h2>\t\t\t\t<\/div>\n\t\t\t\t<\/div>\n\t\t\t\t<div class=\"elementor-element elementor-element-2714ef0 elementor-widget elementor-widget-text-editor\" data-id=\"2714ef0\" data-element_type=\"widget\" data-e-type=\"widget\" data-widget_type=\"text-editor.default\">\n\t\t\t\t<div class=\"elementor-widget-container\">\n\t\t\t\t\t\t\t\t\t<p data-start=\"222\" data-end=\"684\">Chopin conseillait \u00e0 ses \u00e9l\u00e8ves d&rsquo;\u00e9couter les chanteurs, et Diatkine a pris ce conseil au pied de la lettre. Pendant plus de dix ans, il a travaill\u00e9 comme accompagnateur et coach vocal \u00e0 <strong>l&rsquo;\u00e9cole de chant d&rsquo;Yva Barth\u00e9l\u00e9my<\/strong> \u00e0 Paris. Cette immersion dans le <strong>Lied allemand<\/strong> (Schubert, Schumann, Brahms) a profond\u00e9ment influenc\u00e9 son jeu, apportant une respiration naturelle et un phras\u00e9 vocal qui demeurent au c\u0153ur de son identit\u00e9 pianistique.  <\/p>\t\t\t\t\t\t\t\t<\/div>\n\t\t\t\t<\/div>\n\t\t\t\t<\/div>\n\t\t\t\t\t<\/div>\n\t\t\t\t<\/div>\n\t\t<div class=\"elementor-element elementor-element-7fc965a e-flex e-con-boxed e-con e-parent\" data-id=\"7fc965a\" data-element_type=\"container\" data-e-type=\"container\" data-settings=\"{&quot;background_background&quot;:&quot;classic&quot;}\">\n\t\t\t\t\t<div class=\"e-con-inner\">\n\t\t<div class=\"elementor-element elementor-element-ece7047 e-con-full e-flex e-con e-child\" data-id=\"ece7047\" data-element_type=\"container\" data-e-type=\"container\">\n\t\t\t\t<div class=\"elementor-element elementor-element-2cc75d7 elementor-widget__width-initial elementor-widget-mobile__width-inherit elementor-widget elementor-widget-image\" data-id=\"2cc75d7\" data-element_type=\"widget\" data-e-type=\"widget\" data-widget_type=\"image.default\">\n\t\t\t\t<div class=\"elementor-widget-container\">\n\t\t\t\t\t\t\t\t\t\t\t\t\t\t\t<img decoding=\"async\" width=\"800\" height=\"800\" src=\"https:\/\/jeannicolasdiatkine.com\/wp-content\/uploads\/2024\/05\/076_copie-1-1024x1024.jpg\" class=\"attachment-large size-large wp-image-1473\" alt=\"\" srcset=\"https:\/\/jeannicolasdiatkine.com\/wp-content\/uploads\/2024\/05\/076_copie-1-1024x1024.jpg 1024w, https:\/\/jeannicolasdiatkine.com\/wp-content\/uploads\/2024\/05\/076_copie-1-300x300.jpg 300w, https:\/\/jeannicolasdiatkine.com\/wp-content\/uploads\/2024\/05\/076_copie-1-150x150.jpg 150w, https:\/\/jeannicolasdiatkine.com\/wp-content\/uploads\/2024\/05\/076_copie-1-768x768.jpg 768w, https:\/\/jeannicolasdiatkine.com\/wp-content\/uploads\/2024\/05\/076_copie-1-1536x1536.jpg 1536w, https:\/\/jeannicolasdiatkine.com\/wp-content\/uploads\/2024\/05\/076_copie-1-2048x2048.jpg 2048w\" sizes=\"(max-width: 800px) 100vw, 800px\" \/>\t\t\t\t\t\t\t\t\t\t\t\t\t\t\t<\/div>\n\t\t\t\t<\/div>\n\t\t\t\t<\/div>\n\t\t<div class=\"elementor-element elementor-element-0b56459 e-con-full e-flex e-con e-child\" data-id=\"0b56459\" data-element_type=\"container\" data-e-type=\"container\">\n\t\t\t\t<div class=\"elementor-element elementor-element-4187c2c elementor-widget elementor-widget-heading\" data-id=\"4187c2c\" data-element_type=\"widget\" data-e-type=\"widget\" data-widget_type=\"heading.default\">\n\t\t\t\t<div class=\"elementor-widget-container\">\n\t\t\t\t\t<h2 class=\"elementor-heading-title elementor-size-default\">Carri\u00e8re soliste<\/h2>\t\t\t\t<\/div>\n\t\t\t\t<\/div>\n\t\t\t\t<div class=\"elementor-element elementor-element-8c46a78 elementor-widget elementor-widget-text-editor\" data-id=\"8c46a78\" data-element_type=\"widget\" data-e-type=\"widget\" data-widget_type=\"text-editor.default\">\n\t\t\t\t<div class=\"elementor-widget-container\">\n\t\t\t\t\t\t\t\t\t<p data-start=\"222\" data-end=\"684\">D\u00e9couvert par la mezzo-soprano <strong>Alicia<\/strong> <strong>Naf\u00e9<\/strong> et le t\u00e9nor <strong>Zeger<\/strong> <strong>Vandersteene<\/strong>, il se tourne vers la performance soliste en 1999. Il s&rsquo;est produit \u00e0 <em>l&rsquo;Op\u00e9ra Bastille<\/em>, au <em>Festival Pianissime<\/em>, et dans la s\u00e9rie <em data-start=\"1296\" data-end=\"1313\">Autour du Piano<\/em> \u00e0 Gand, o\u00f9 le public l&rsquo;a nomm\u00e9 \u00ab <strong>meilleure r\u00e9v\u00e9lation piano des dix derni\u00e8res ann\u00e9es<\/strong> \u00bb. Depuis 2011, il se produit chaque ann\u00e9e \u00e0 la <em>Salle Gaveau<\/em> \u00e0 Paris, ainsi qu&rsquo;en Europe, au Japon et \u00e0 Berlin. <\/p>\t\t\t\t\t\t\t\t<\/div>\n\t\t\t\t<\/div>\n\t\t\t\t<\/div>\n\t\t\t\t\t<\/div>\n\t\t\t\t<\/div>\n\t\t<div class=\"elementor-element elementor-element-36c59bf e-flex e-con-boxed e-con e-parent\" data-id=\"36c59bf\" data-element_type=\"container\" data-e-type=\"container\" data-settings=\"{&quot;background_background&quot;:&quot;classic&quot;}\">\n\t\t\t\t\t<div class=\"e-con-inner\">\n\t\t<div class=\"elementor-element elementor-element-8a2772a e-con-full e-flex e-con e-child\" data-id=\"8a2772a\" data-element_type=\"container\" data-e-type=\"container\">\n\t\t\t\t<div class=\"elementor-element elementor-element-28408b2 elementor-widget elementor-widget-image\" data-id=\"28408b2\" data-element_type=\"widget\" data-e-type=\"widget\" data-widget_type=\"image.default\">\n\t\t\t\t<div class=\"elementor-widget-container\">\n\t\t\t\t\t\t\t\t\t\t\t\t\t\t\t<img loading=\"lazy\" decoding=\"async\" width=\"800\" height=\"532\" src=\"https:\/\/jeannicolasdiatkine.com\/wp-content\/uploads\/2024\/05\/JND14_bw-1024x681.jpg\" class=\"attachment-large size-large wp-image-1479\" alt=\"\" srcset=\"https:\/\/jeannicolasdiatkine.com\/wp-content\/uploads\/2024\/05\/JND14_bw-1024x681.jpg 1024w, https:\/\/jeannicolasdiatkine.com\/wp-content\/uploads\/2024\/05\/JND14_bw-300x200.jpg 300w, https:\/\/jeannicolasdiatkine.com\/wp-content\/uploads\/2024\/05\/JND14_bw-768x511.jpg 768w, https:\/\/jeannicolasdiatkine.com\/wp-content\/uploads\/2024\/05\/JND14_bw-1536x1022.jpg 1536w, https:\/\/jeannicolasdiatkine.com\/wp-content\/uploads\/2024\/05\/JND14_bw-2048x1362.jpg 2048w\" sizes=\"(max-width: 800px) 100vw, 800px\" \/>\t\t\t\t\t\t\t\t\t\t\t\t\t\t\t<\/div>\n\t\t\t\t<\/div>\n\t\t\t\t<\/div>\n\t\t<div class=\"elementor-element elementor-element-8e80c05 e-con-full e-flex e-con e-child\" data-id=\"8e80c05\" data-element_type=\"container\" data-e-type=\"container\">\n\t\t\t\t<div class=\"elementor-element elementor-element-b859983 elementor-widget elementor-widget-heading\" data-id=\"b859983\" data-element_type=\"widget\" data-e-type=\"widget\" data-widget_type=\"heading.default\">\n\t\t\t\t<div class=\"elementor-widget-container\">\n\t\t\t\t\t<h2 class=\"elementor-heading-title elementor-size-default\">R\u00e9pertoire et style<\/h2>\t\t\t\t<\/div>\n\t\t\t\t<\/div>\n\t\t\t\t<div class=\"elementor-element elementor-element-9801915 elementor-widget elementor-widget-text-editor\" data-id=\"9801915\" data-element_type=\"widget\" data-e-type=\"widget\" data-widget_type=\"text-editor.default\">\n\t\t\t\t<div class=\"elementor-widget-container\">\n\t\t\t\t\t\t\t\t\t<p data-start=\"222\" data-end=\"684\">Jean-Nicolas Diatkine con\u00e7oit ses programmes comme une dramaturgie, o\u00f9 chaque \u0153uvre prend sa place comme un acte dans une pi\u00e8ce. Son r\u00e9pertoire s&rsquo;\u00e9tend de <strong>Beethoven<\/strong> (<em data-start=\"1690\" data-end=\"1704\">Appassionata<\/em>, Sonate op.101), <strong>Schubert<\/strong> (Sonate D.960), <strong>Schumann<\/strong> (<em data-start=\"1757\" data-end=\"1775\">\u00c9tudes symphoniques<\/em>), <strong>Chopin<\/strong> (Sonate n\u00b03, 24 Pr\u00e9ludes, Quatre Ballades), <strong>Brahms<\/strong> (<em data-start=\"1836\" data-end=\"1855\">Variations Haendel<\/em>), ainsi que Haendel, Soler et Chostakovitch. Il a \u00e9galement enregistr\u00e9 les <em data-start=\"1938\" data-end=\"1954\">Cinq Nocturnes<\/em> de Narcis Bonet en hommage \u00e0 son mentor.  <\/p>\t\t\t\t\t\t\t\t<\/div>\n\t\t\t\t<\/div>\n\t\t\t\t<\/div>\n\t\t\t\t\t<\/div>\n\t\t\t\t<\/div>\n\t\t<div class=\"elementor-element elementor-element-11ff872 e-flex e-con-boxed e-con e-parent\" data-id=\"11ff872\" data-element_type=\"container\" data-e-type=\"container\">\n\t\t\t\t\t<div class=\"e-con-inner\">\n\t\t<div class=\"elementor-element elementor-element-b3fc702 e-con-full e-flex e-con e-child\" data-id=\"b3fc702\" data-element_type=\"container\" data-e-type=\"container\">\n\t\t\t\t<div class=\"elementor-element elementor-element-098e855 elementor-widget elementor-widget-image\" data-id=\"098e855\" data-element_type=\"widget\" data-e-type=\"widget\" data-widget_type=\"image.default\">\n\t\t\t\t<div class=\"elementor-widget-container\">\n\t\t\t\t\t\t\t\t\t\t\t\t\t\t\t<img loading=\"lazy\" decoding=\"async\" width=\"800\" height=\"530\" src=\"https:\/\/jeannicolasdiatkine.com\/wp-content\/uploads\/2024\/05\/JND6-scaled-1-1024x678.jpg\" class=\"attachment-large size-large wp-image-1488\" alt=\"\" srcset=\"https:\/\/jeannicolasdiatkine.com\/wp-content\/uploads\/2024\/05\/JND6-scaled-1-1024x678.jpg 1024w, https:\/\/jeannicolasdiatkine.com\/wp-content\/uploads\/2024\/05\/JND6-scaled-1-300x199.jpg 300w, https:\/\/jeannicolasdiatkine.com\/wp-content\/uploads\/2024\/05\/JND6-scaled-1-768x509.jpg 768w, https:\/\/jeannicolasdiatkine.com\/wp-content\/uploads\/2024\/05\/JND6-scaled-1-1536x1018.jpg 1536w, https:\/\/jeannicolasdiatkine.com\/wp-content\/uploads\/2024\/05\/JND6-scaled-1-2048x1357.jpg 2048w\" sizes=\"(max-width: 800px) 100vw, 800px\" \/>\t\t\t\t\t\t\t\t\t\t\t\t\t\t\t<\/div>\n\t\t\t\t<\/div>\n\t\t\t\t<\/div>\n\t\t<div class=\"elementor-element elementor-element-db7d40c e-con-full e-flex e-con e-child\" data-id=\"db7d40c\" data-element_type=\"container\" data-e-type=\"container\">\n\t\t\t\t<div class=\"elementor-element elementor-element-0ec6b9b elementor-widget elementor-widget-heading\" data-id=\"0ec6b9b\" data-element_type=\"widget\" data-e-type=\"widget\" data-widget_type=\"heading.default\">\n\t\t\t\t<div class=\"elementor-widget-container\">\n\t\t\t\t\t<h2 class=\"elementor-heading-title elementor-size-default\">Reconnaissance et presse<\/h2>\t\t\t\t<\/div>\n\t\t\t\t<\/div>\n\t\t\t\t<div class=\"elementor-element elementor-element-eac1907 elementor-widget elementor-widget-text-editor\" data-id=\"eac1907\" data-element_type=\"widget\" data-e-type=\"widget\" data-widget_type=\"text-editor.default\">\n\t\t\t\t<div class=\"elementor-widget-container\">\n\t\t\t\t\t\t\t\t\t<p data-start=\"2105\" data-end=\"2224\">Ses r\u00e9cents enregistrements chez <strong data-start=\"2132\" data-end=\"2147\">Solo Musica<\/strong> (<em>Beethoven, Liszt, Chopin<\/em>) ont \u00e9t\u00e9 largement salu\u00e9s par la presse europ\u00e9enne :<\/p><ul data-start=\"2225\" data-end=\"2365\"><li data-start=\"2225\" data-end=\"2262\"><p data-start=\"2227\" data-end=\"2262\"><em data-start=\"2227\" data-end=\"2240\">\u00ab<\/em> <strong>Visionnaire<\/strong> <em>\u00bb<\/em> <em>Ruch Muzyczny<\/em><\/p><\/li><li data-start=\"2225\" data-end=\"2262\"><p data-start=\"2227\" data-end=\"2262\"><em data-start=\"2265\" data-end=\"2287\">\u00ab<\/em> <strong>Subtil et raffin\u00e9<\/strong> <em data-start=\"2265\" data-end=\"2287\">\u00bb<\/em> <em>Pizzicato<\/em><\/p><\/li><li data-start=\"2306\" data-end=\"2365\"><p data-start=\"2308\" data-end=\"2365\"><em data-start=\"2308\" data-end=\"2343\">\u00ab<\/em> <strong>Po\u00e9sie in\u00e9dite et \u00e9mouvante<\/strong> <em data-start=\"2308\" data-end=\"2343\">\u00bb<\/em> <em>Classiquenews<\/em><\/p><\/li><\/ul>\t\t\t\t\t\t\t\t<\/div>\n\t\t\t\t<\/div>\n\t\t\t\t<\/div>\n\t\t\t\t\t<\/div>\n\t\t\t\t<\/div>\n\t\t<div class=\"elementor-element elementor-element-1e94cdbb e-flex e-con-boxed e-con e-parent\" data-id=\"1e94cdbb\" data-element_type=\"container\" data-e-type=\"container\" data-settings=\"{&quot;background_background&quot;:&quot;classic&quot;}\">\n\t\t\t\t\t<div class=\"e-con-inner\">\n\t\t<div class=\"elementor-element elementor-element-45f53456 e-con-full e-flex e-con e-child\" data-id=\"45f53456\" data-element_type=\"container\" data-e-type=\"container\">\n\t\t\t\t<div class=\"elementor-element elementor-element-3474e13 elementor-widget elementor-widget-heading\" data-id=\"3474e13\" data-element_type=\"widget\" data-e-type=\"widget\" data-widget_type=\"heading.default\">\n\t\t\t\t<div class=\"elementor-widget-container\">\n\t\t\t\t\t<h2 class=\"elementor-heading-title elementor-size-default\">Une qu\u00eate artistique<\/h2>\t\t\t\t<\/div>\n\t\t\t\t<\/div>\n\t\t\t\t<div class=\"elementor-element elementor-element-7fcaa46 elementor-widget-tablet__width-inherit elementor-widget-mobile__width-inherit elementor-widget elementor-widget-text-editor\" data-id=\"7fcaa46\" data-element_type=\"widget\" data-e-type=\"widget\" data-widget_type=\"text-editor.default\">\n\t\t\t\t<div class=\"elementor-widget-container\">\n\t\t\t\t\t\t\t\t\t<p data-start=\"2395\" data-end=\"2616\">\u00c0 travers ses r\u00e9citals et ses enregistrements, Jean-Nicolas Diatkine poursuit une qu\u00eate constante : unir <strong data-start=\"2489\" data-end=\"2509\">rigueur structurelle<\/strong> et <strong data-start=\"2515\" data-end=\"2537\">libert\u00e9 expressive<\/strong>, et faire du piano une voix capable \u00e0 la fois de <strong data-start=\"2585\" data-end=\"2598\">r\u00e9v\u00e9ler<\/strong> et d&rsquo;<strong data-start=\"2603\" data-end=\"2613\">\u00e9mouvoir<\/strong>.<\/p>\t\t\t\t\t\t\t\t<\/div>\n\t\t\t\t<\/div>\n\t\t\t\t<\/div>\n\t\t<div class=\"elementor-element elementor-element-6e2855ae e-con-full e-flex e-con e-child\" data-id=\"6e2855ae\" data-element_type=\"container\" data-e-type=\"container\">\n\t\t\t\t<div class=\"elementor-element elementor-element-65fda32e elementor-widget-tablet__width-initial elementor-widget-mobile__width-inherit elementor-widget elementor-widget-image\" data-id=\"65fda32e\" data-element_type=\"widget\" data-e-type=\"widget\" data-widget_type=\"image.default\">\n\t\t\t\t<div class=\"elementor-widget-container\">\n\t\t\t\t\t\t\t\t\t\t\t\t\t\t\t<img loading=\"lazy\" decoding=\"async\" width=\"683\" height=\"1024\" src=\"https:\/\/jeannicolasdiatkine.com\/wp-content\/uploads\/2024\/05\/JND_bio_3-scaled-1-683x1024.jpg\" class=\"attachment-large size-large wp-image-1470\" alt=\"\" srcset=\"https:\/\/jeannicolasdiatkine.com\/wp-content\/uploads\/2024\/05\/JND_bio_3-scaled-1-683x1024.jpg 683w, https:\/\/jeannicolasdiatkine.com\/wp-content\/uploads\/2024\/05\/JND_bio_3-scaled-1-200x300.jpg 200w, https:\/\/jeannicolasdiatkine.com\/wp-content\/uploads\/2024\/05\/JND_bio_3-scaled-1-768x1151.jpg 768w, https:\/\/jeannicolasdiatkine.com\/wp-content\/uploads\/2024\/05\/JND_bio_3-scaled-1-1025x1536.jpg 1025w, https:\/\/jeannicolasdiatkine.com\/wp-content\/uploads\/2024\/05\/JND_bio_3-scaled-1-1366x2048.jpg 1366w, https:\/\/jeannicolasdiatkine.com\/wp-content\/uploads\/2024\/05\/JND_bio_3-scaled-1.jpg 1708w\" sizes=\"(max-width: 683px) 100vw, 683px\" \/>\t\t\t\t\t\t\t\t\t\t\t\t\t\t\t<\/div>\n\t\t\t\t<\/div>\n\t\t\t\t<\/div>\n\t\t\t\t\t<\/div>\n\t\t\t\t<\/div>\n\t\t<div class=\"elementor-element elementor-element-2902eaf9 e-flex e-con-boxed e-con e-parent\" data-id=\"2902eaf9\" data-element_type=\"container\" data-e-type=\"container\" data-settings=\"{&quot;background_background&quot;:&quot;classic&quot;}\">\n\t\t\t\t\t<div class=\"e-con-inner\">\n\t\t\t\t<div class=\"elementor-element elementor-element-7114d16a elementor-widget elementor-widget-heading\" data-id=\"7114d16a\" data-element_type=\"widget\" data-e-type=\"widget\" data-widget_type=\"heading.default\">\n\t\t\t\t<div class=\"elementor-widget-container\">\n\t\t\t\t\t<h3 class=\"elementor-heading-title elementor-size-default\">Explorez ses \u0153uvres enregistr\u00e9es<\/h3>\t\t\t\t<\/div>\n\t\t\t\t<\/div>\n\t\t\t\t<div class=\"elementor-element elementor-element-75d7ebad elementor-widget elementor-widget-text-editor\" data-id=\"75d7ebad\" data-element_type=\"widget\" data-e-type=\"widget\" data-widget_type=\"text-editor.default\">\n\t\t\t\t<div class=\"elementor-widget-container\">\n\t\t\t\t\t\t\t\t\t<p>Pour explorer toute l&rsquo;\u00e9tendue de l&rsquo;art de Jean-Nicolas Diatkine, \u00e9coutez ses albums. Visitez la page <strong data-start=\"213\" data-end=\"228\">Discographie<\/strong> pour entendre ses interpr\u00e9tations de <strong data-start=\"266\" data-end=\"294\">Beethoven, Chopin, Liszt<\/strong> et bien d&rsquo;autres. <\/p>\t\t\t\t\t\t\t\t<\/div>\n\t\t\t\t<\/div>\n\t\t\t\t<div class=\"elementor-element elementor-element-5846ccc2 elementor-align-center elementor-mobile-align-center elementor-widget elementor-widget-button\" data-id=\"5846ccc2\" data-element_type=\"widget\" data-e-type=\"widget\" data-widget_type=\"button.default\">\n\t\t\t\t<div class=\"elementor-widget-container\">\n\t\t\t\t\t\t\t\t\t<div class=\"elementor-button-wrapper\">\n\t\t\t\t\t<a class=\"elementor-button elementor-button-link elementor-size-sm\" href=\"https:\/\/jeannicolasdiatkine.com\/fr\/discography\/\">\n\t\t\t\t\t\t<span class=\"elementor-button-content-wrapper\">\n\t\t\t\t\t\t\t\t\t<span class=\"elementor-button-text\">Discographie<\/span>\n\t\t\t\t\t<\/span>\n\t\t\t\t\t<\/a>\n\t\t\t\t<\/div>\n\t\t\t\t\t\t\t\t<\/div>\n\t\t\t\t<\/div>\n\t\t\t\t\t<\/div>\n\t\t\t\t<\/div>\n\t\t\t\t<\/div>\n\t\t","protected":false},"excerpt":{"rendered":"<p>Biographie Formation et h\u00e9ritage musical N\u00e9 \u00e0 Paris en 1964, Jean-Nicolas Diatkine commence le piano \u00e0 l&rsquo;\u00e2ge de six ans avec Wilfredo Voguet. Il \u00e9tudie ensuite avec plusieurs disciples de Claudio Arrau (Carlindo Val\u00e9riani, Joseph Villa, Kenneth Broadaway) avant de rencontrer Ruth Nye \u00e0 Londres, qui lui transmet l&rsquo;art des couleurs sonores d&rsquo;Arrau. Pendant treize [&hellip;]<\/p>\n","protected":false},"author":1,"featured_media":0,"parent":0,"menu_order":0,"comment_status":"closed","ping_status":"closed","template":"","meta":{"footnotes":""},"class_list":["post-1497","page","type-page","status-publish","hentry"],"_links":{"self":[{"href":"https:\/\/jeannicolasdiatkine.com\/fr\/wp-json\/wp\/v2\/pages\/1497","targetHints":{"allow":["GET"]}}],"collection":[{"href":"https:\/\/jeannicolasdiatkine.com\/fr\/wp-json\/wp\/v2\/pages"}],"about":[{"href":"https:\/\/jeannicolasdiatkine.com\/fr\/wp-json\/wp\/v2\/types\/page"}],"author":[{"embeddable":true,"href":"https:\/\/jeannicolasdiatkine.com\/fr\/wp-json\/wp\/v2\/users\/1"}],"replies":[{"embeddable":true,"href":"https:\/\/jeannicolasdiatkine.com\/fr\/wp-json\/wp\/v2\/comments?post=1497"}],"version-history":[{"count":1,"href":"https:\/\/jeannicolasdiatkine.com\/fr\/wp-json\/wp\/v2\/pages\/1497\/revisions"}],"predecessor-version":[{"id":1501,"href":"https:\/\/jeannicolasdiatkine.com\/fr\/wp-json\/wp\/v2\/pages\/1497\/revisions\/1501"}],"wp:attachment":[{"href":"https:\/\/jeannicolasdiatkine.com\/fr\/wp-json\/wp\/v2\/media?parent=1497"}],"curies":[{"name":"wp","href":"https:\/\/api.w.org\/{rel}","templated":true}]}}