{"id":1520,"date":"2024-05-08T19:05:19","date_gmt":"2024-05-08T19:05:19","guid":{"rendered":"https:\/\/jeannicolasdiatkine.com\/privacy-policy\/"},"modified":"2025-11-09T16:54:21","modified_gmt":"2025-11-09T16:54:21","slug":"privacy-policy","status":"publish","type":"page","link":"https:\/\/jeannicolasdiatkine.com\/fr\/privacy-policy\/","title":{"rendered":"Politique de confidentialit\u00e9"},"content":{"rendered":"\t\t<div data-elementor-type=\"wp-page\" data-elementor-id=\"1520\" class=\"elementor elementor-1520 elementor-72\" data-elementor-post-type=\"page\">\n\t\t\t\t<div class=\"elementor-element elementor-element-f87bca1 e-con-full e-flex e-con e-parent\" data-id=\"f87bca1\" data-element_type=\"container\" data-e-type=\"container\" data-settings=\"{&quot;background_background&quot;:&quot;classic&quot;}\">\n\t\t\t\t<\/div>\n\t\t<div class=\"elementor-element elementor-element-d43fa66 e-flex e-con-boxed e-con e-parent\" data-id=\"d43fa66\" data-element_type=\"container\" data-e-type=\"container\" data-settings=\"{&quot;background_background&quot;:&quot;classic&quot;}\">\n\t\t\t\t\t<div class=\"e-con-inner\">\n\t\t<div class=\"elementor-element elementor-element-3e9032f e-con-full e-flex e-con e-child\" data-id=\"3e9032f\" data-element_type=\"container\" data-e-type=\"container\">\n\t\t\t\t<\/div>\n\t\t<div class=\"elementor-element elementor-element-32c3dde e-con-full e-flex e-con e-child\" data-id=\"32c3dde\" data-element_type=\"container\" data-e-type=\"container\">\n\t\t\t\t<div class=\"elementor-element elementor-element-05c8392 elementor-widget elementor-widget-heading\" data-id=\"05c8392\" data-element_type=\"widget\" data-e-type=\"widget\" data-widget_type=\"heading.default\">\n\t\t\t\t<div class=\"elementor-widget-container\">\n\t\t\t\t\t<h2 class=\"elementor-heading-title elementor-size-default\">Politique de confidentialit\u00e9<\/h2>\t\t\t\t<\/div>\n\t\t\t\t<\/div>\n\t\t\t\t<div class=\"elementor-element elementor-element-8deba57 elementor-widget elementor-widget-text-editor\" data-id=\"8deba57\" data-element_type=\"widget\" data-e-type=\"widget\" data-settings=\"{&quot;_animation&quot;:&quot;none&quot;}\" data-widget_type=\"text-editor.default\">\n\t\t\t\t<div class=\"elementor-widget-container\">\n\t\t\t\t\t\t\t\t\t<div class=\"elementor-element elementor-element-b725c3c elementor-widget elementor-widget-heading\" data-id=\"b725c3c\" data-element_type=\"widget\" data-widget_type=\"heading.default\"><p class=\"elementor-widget-container\">Les donn\u00e9es personnelles (g\u00e9n\u00e9ralement d\u00e9sign\u00e9es simplement comme \u00ab donn\u00e9es \u00bb ci-dessous) ne seront trait\u00e9es par nous que dans la mesure n\u00e9cessaire et dans le but de fournir un site web fonctionnel et convivial, y compris son contenu et les services qui y sont propos\u00e9s.<\/p><\/div><div class=\"elementor-element elementor-element-c7489e9 privacy elementor-widget elementor-widget-text-editor\" data-id=\"c7489e9\" data-element_type=\"widget\" data-widget_type=\"text-editor.default\"><p class=\"elementor-widget-container\">Selon l&rsquo;art. 4 n\u00b0 1 du r\u00e8glement (UE) 2016\/679, c&rsquo;est-\u00e0-dire le R\u00e8glement g\u00e9n\u00e9ral sur la protection des donn\u00e9es (ci-apr\u00e8s d\u00e9nomm\u00e9 \u00ab RGPD \u00bb), le \u00ab traitement \u00bb fait r\u00e9f\u00e9rence \u00e0 toute op\u00e9ration ou ensemble d&rsquo;op\u00e9rations effectu\u00e9es sur des donn\u00e9es personnelles, telles que la collecte, l&rsquo;enregistrement, l&rsquo;organisation, la structuration, la conservation, l&rsquo;adaptation ou la modification, l&rsquo;extraction, la consultation, l&rsquo;utilisation, la communication par transmission, la diffusion ou toute autre forme de mise \u00e0 disposition, le rapprochement ou l&rsquo;interconnexion, la limitation, l&rsquo;effacement ou la destruction, que ce soit par des moyens automatis\u00e9s ou non. La politique de confidentialit\u00e9 suivante vise \u00e0 vous informer en particulier sur le type, la port\u00e9e, la finalit\u00e9, la dur\u00e9e et la base juridique du traitement de ces donn\u00e9es, soit sous notre propre contr\u00f4le, soit en conjonction avec d&rsquo;autres. Nous vous informons \u00e9galement ci-dessous des composants tiers que nous utilisons pour optimiser notre site web et am\u00e9liorer l&rsquo;exp\u00e9rience utilisateur, ce qui peut entra\u00eener le traitement par lesdits tiers des donn\u00e9es qu&rsquo;ils collectent et contr\u00f4lent. Notre politique de confidentialit\u00e9 est structur\u00e9e comme suit : I. Informations nous concernant en tant que responsables de vos donn\u00e9es<br class=\"\">II. Les droits des utilisateurs et des personnes concern\u00e9es<br class=\"\">III. Informations sur le traitement des donn\u00e9es    <\/p><p class=\"elementor-widget-container\"><strong>I. Informations nous concernant en tant que responsables de vos donn\u00e9es<\/strong><\/p><p>La partie responsable de ce site web (le \u00ab responsable du traitement \u00bb) au sens de la loi sur la protection des donn\u00e9es est :<\/p><div dir=\"ltr\" data-setdir=\"false\">Jean-Nicolas Diatkine<br>11 rue de Boulainvilliers <br>75016 Paris<\/div><div dir=\"ltr\" data-setdir=\"false\"><a href=\"mailto:jean-nicolas.diatkine@orange.fr\">jean-nicolas.diatkine@orange.fr<\/a><\/div><div dir=\"ltr\" data-setdir=\"false\"> <\/div><p><strong>II. Les droits des utilisateurs et des personnes concern\u00e9es <\/strong><\/p><p>En ce qui concerne le traitement des donn\u00e9es qui sera d\u00e9crit plus en d\u00e9tail ci-dessous, les utilisateurs et les personnes concern\u00e9es ont le droit<\/p><ul class=\"\" type=\"disc\"><li class=\"\">\u00e0 la confirmation que des donn\u00e9es les concernant sont trait\u00e9es, \u00e0 des informations sur les donn\u00e9es trait\u00e9es, \u00e0 des informations suppl\u00e9mentaires sur la nature du traitement des donn\u00e9es et \u00e0 des copies des donn\u00e9es (cf. \u00e9galement art. 15 RGPD) ;<\/li><li class=\"\">\u00e0 la correction ou \u00e0 la compl\u00e9tion de donn\u00e9es incorrectes ou incompl\u00e8tes (cf. \u00e9galement art. 16 RGPD) ;<\/li><li class=\"\">\u00e0 la suppression imm\u00e9diate des donn\u00e9es les concernant (cf. \u00e9galement art. 17 RGPD), ou, alternativement, si un traitement ult\u00e9rieur est n\u00e9cessaire comme stipul\u00e9 dans l&rsquo;art. 17 para. 3 RGPD, \u00e0 la restriction dudit traitement conform\u00e9ment \u00e0 l&rsquo;art. 18 RGPD ; <\/li><li class=\"\">\u00e0 recevoir des copies des donn\u00e9es les concernant et\/ou fournies par eux et \u00e0 les faire transmettre \u00e0 d&rsquo;autres fournisseurs\/responsables du traitement (cf. \u00e9galement art. 20 RGPD) ;<\/li><li class=\"\">\u00e0 d\u00e9poser des plaintes aupr\u00e8s de l&rsquo;autorit\u00e9 de contr\u00f4le s&rsquo;ils estiment que les donn\u00e9es les concernant sont trait\u00e9es par le responsable du traitement en violation des dispositions relatives \u00e0 la protection des donn\u00e9es (voir \u00e9galement art. 77 RGPD).<\/li><\/ul><p>En outre, le responsable du traitement est tenu d&rsquo;informer tous les destinataires auxquels il divulgue des donn\u00e9es de toute correction, suppression ou restriction du traitement de ces donn\u00e9es conform\u00e9ment \u00e0 l&rsquo;art. 16, 17 para. 1, 18 RGPD. Toutefois, cette obligation ne s&rsquo;applique pas si une telle notification est impossible ou implique un effort disproportionn\u00e9. N\u00e9anmoins, les utilisateurs ont le droit d&rsquo;\u00eatre inform\u00e9s de ces destinataires.<strong class=\"\">De m\u00eame, en vertu de l&rsquo;art. 21 RGPD, les utilisateurs et les personnes concern\u00e9es ont le droit de s&rsquo;opposer au traitement futur de leurs donn\u00e9es par le responsable du traitement conform\u00e9ment \u00e0 l&rsquo;art. 6 para. 1 lit. f) RGPD. En particulier, une objection au traitement des donn\u00e9es \u00e0 des fins de publicit\u00e9 directe est autoris\u00e9e.<\/strong>   <\/p><\/div><div class=\"elementor-element elementor-element-c7489e9 privacy elementor-widget elementor-widget-text-editor\" data-id=\"c7489e9\" data-element_type=\"widget\" data-widget_type=\"text-editor.default\"><p> <\/p><p><strong>III. Informations sur le traitement des donn\u00e9es <\/strong><\/p><p>Vos donn\u00e9es trait\u00e9es lors de l&rsquo;utilisation de notre site web seront supprim\u00e9es ou bloqu\u00e9es d\u00e8s que la finalit\u00e9 de leur stockissement cessera de s&rsquo;appliquer, \u00e0 condition que la suppression de celles-ci ne soit pas en violation d&rsquo;obligations l\u00e9gales de conservation ou sauf indication contraire ci-dessous.<\/p><p><strong>Cookies<\/strong><\/p><p>A) COOKIES DE SESSIONNous utilisons des cookies sur notre site web. Les cookies sont de petits fichiers texte ou d&rsquo;autres technologies de stockage stock\u00e9s sur votre ordinateur par votre navigateur. Ces cookies traitent certaines informations sp\u00e9cifiques vous concernant, telles que votre navigateur, vos donn\u00e9es de localisation ou votre adresse IP. Ce traitement rend notre site web plus convivial, efficace et s\u00e9curis\u00e9, nous permettant par exemple d&rsquo;afficher notre site web dans diff\u00e9rentes langues ou d&rsquo;offrir une fonction de panier d&rsquo;achat. La base juridique d&rsquo;un tel traitement est l&rsquo;art. 6 para. 1 lit. b) RGPD, dans la mesure o\u00f9 ces cookies sont utilis\u00e9s pour collecter des donn\u00e9es pour initier ou traiter des relations contractuelles. Si le traitement ne sert pas \u00e0 initier ou \u00e0 traiter un contrat, notre int\u00e9r\u00eat l\u00e9gitime r\u00e9side dans l&rsquo;am\u00e9lioration de la fonctionnalit\u00e9 de notre site web. La base juridique est alors l&rsquo;art. 6 para. 1 lit. f) RGPD. Lorsque vous fermez votre navigateur, ces cookies de session sont supprim\u00e9s. B) COOKIES TIERS Si n\u00e9cessaire, notre site web peut \u00e9galement utiliser des cookies d&rsquo;entreprises avec lesquelles nous coop\u00e9rons dans le but de faire de la publicit\u00e9, d&rsquo;analyser ou d&rsquo;am\u00e9liorer les fonctionnalit\u00e9s de notre site web. Veuillez vous r\u00e9f\u00e9rer aux informations suivantes pour plus de d\u00e9tails, en particulier sur la base juridique et la finalit\u00e9 de la collecte et du traitement de ces donn\u00e9es par des tiers via des cookies. C) D\u00c9SACTIVATION DES COOKIES Vous pouvez refuser l&rsquo;utilisation de cookies en modifiant les param\u00e8tres de votre navigateur. De m\u00eame, vous pouvez utiliser le navigateur pour supprimer les cookies qui ont d\u00e9j\u00e0 \u00e9t\u00e9 stock\u00e9s. Cependant, les \u00e9tapes et mesures requises varient selon le navigateur que vous utilisez. Si vous avez des questions, veuillez utiliser la fonction d&rsquo;aide ou consulter la documentation de votre navigateur ou contacter son fabricant pour obtenir de l&rsquo;aide. Les param\u00e8tres du navigateur ne peuvent pas emp\u00eacher la mise en place de cookies flash. Au lieu de cela, vous devrez modifier le param\u00e8tre de votre lecteur Flash. Les \u00e9tapes et mesures requises pour cela d\u00e9pendent \u00e9galement du lecteur Flash que vous utilisez. Si vous avez des questions, veuillez utiliser la fonction d&rsquo;aide ou consulter la documentation de votre lecteur Flash ou contacter son fabricant pour obtenir de l&rsquo;aide. Si vous emp\u00eachez ou restreignez l&rsquo;installation de cookies, toutes les fonctions de notre site peuvent ne pas \u00eatre pleinement utilisables.              <\/p><\/div><div data-id=\"c7489e9\" data-element_type=\"widget\" data-widget_type=\"text-editor.default\"> <\/div><div class=\"elementor-element elementor-element-c7489e9 privacy elementor-widget elementor-widget-text-editor\" data-id=\"c7489e9\" data-element_type=\"widget\" data-widget_type=\"text-editor.default\"><strong>Contact<\/strong><\/div><div class=\"elementor-element elementor-element-c7489e9 privacy elementor-widget elementor-widget-text-editor\" data-id=\"c7489e9\" data-element_type=\"widget\" data-widget_type=\"text-editor.default\">Si vous nous contactez par e-mail ou via le formulaire de contact, les donn\u00e9es que vous fournissez seront utilis\u00e9es dans le but de traiter votre demande. Nous devons avoir ces donn\u00e9es afin de traiter et r\u00e9pondre \u00e0 votre demande ; sinon, nous ne serons pas en mesure d&rsquo;y r\u00e9pondre compl\u00e8tement ou pas du tout. La base juridique de ce traitement des donn\u00e9es est l&rsquo;art. 6 para. 1 lit. b) RGPD. Vos donn\u00e9es seront supprim\u00e9es une fois que nous aurons pleinement r\u00e9pondu \u00e0 votre demande et qu&rsquo;il n&rsquo;y aura plus d&rsquo;obligation l\u00e9gale de conserver vos donn\u00e9es, comme si une commande ou un contrat en r\u00e9sultait.   <\/div><div data-id=\"c7489e9\" data-element_type=\"widget\" data-widget_type=\"text-editor.default\"> <\/div><div class=\"elementor-element elementor-element-c7489e9 privacy elementor-widget elementor-widget-text-editor\" data-id=\"c7489e9\" data-element_type=\"widget\" data-widget_type=\"text-editor.default\"><strong>YouTube<\/strong><\/div><div class=\"elementor-element elementor-element-c7489e9 privacy elementor-widget elementor-widget-text-editor\" data-id=\"c7489e9\" data-element_type=\"widget\" data-widget_type=\"text-editor.default\"><p>Nous maintenons une pr\u00e9sence en ligne sur YouTube pour pr\u00e9senter notre entreprise et nos services et pour communiquer avec les clients\/prospects. YouTube est un service de Google Ireland Limited, Gordon House, Barrow Street, Dublin 4, Irlande, une filiale de Google LLC, 1600 Amphitheater Parkway, Mountain View, CA 94043 USA. Nous tenons \u00e0 souligner que cela pourrait entra\u00eener le traitement des donn\u00e9es des utilisateurs en dehors de l&rsquo;Union europ\u00e9enne, en particulier aux \u00c9tats-Unis. Cela peut augmenter les risques pour les utilisateurs qui, par exemple, peuvent rendre l&rsquo;acc\u00e8s ult\u00e9rieur aux donn\u00e9es des utilisateurs plus difficile. Nous n&rsquo;avons pas non plus acc\u00e8s \u00e0 ces donn\u00e9es utilisateur. L&rsquo;acc\u00e8s n&rsquo;est disponible que pour YouTube. Google LLC est certifi\u00e9 dans le cadre du Privacy Shield et s&rsquo;est engag\u00e9 \u00e0 respecter les normes europ\u00e9ennes de confidentialit\u00e9.<a class=\"\" href=\"https:\/\/www.privacyshield.gov\/participant?id=a2zt000000001L5AAI&amp;status=Active\" target=\"_blank\" rel=\"noopener\">https:\/\/www.privacyshield.gov<\/a>La politique de confidentialit\u00e9 de YouTube peut \u00eatre consult\u00e9e ici :<a class=\"\" href=\"https:\/\/policies.google.com\/privacy\" target=\"_blank\" rel=\"noopener\">https:\/\/policies.google.com\/privacy<\/a>     <\/p><h4> <\/h4><p><strong>Liens vers les r\u00e9seaux sociaux via des graphiques<\/strong><\/p><p>Nous int\u00e9grons \u00e9galement les sites de m\u00e9dias sociaux suivants dans notre site web. L&rsquo;int\u00e9gration se fait via un graphique li\u00e9 du site respectif. L&rsquo;utilisation de ces graphiques stock\u00e9s sur nos propres serveurs emp\u00eache la connexion automatique aux serveurs de ces r\u00e9seaux pour leur affichage. Ce n&rsquo;est qu&rsquo;en cliquant sur le graphique correspondant que vous serez redirig\u00e9 vers le service du r\u00e9seau social respectif. Une fois que vous cliquez, ce r\u00e9seau peut enregistrer des informations vous concernant et votre visite sur notre site. Il ne peut \u00eatre exclu que ces donn\u00e9es soient trait\u00e9es aux \u00c9tats-Unis. Initialement, ces donn\u00e9es incluent des \u00e9l\u00e9ments tels que votre adresse IP, la date et l&rsquo;heure de votre visite, et la page visit\u00e9e. Cependant, si vous \u00eates connect\u00e9 \u00e0 votre compte utilisateur sur ce r\u00e9seau, l&rsquo;op\u00e9rateur du r\u00e9seau pourrait attribuer les informations collect\u00e9es sur votre visite sur notre site \u00e0 votre compte personnel. Si vous interagissez en cliquant sur J&rsquo;aime, Partager, etc., ces informations peuvent \u00eatre stock\u00e9es dans votre compte utilisateur personnel et \u00e9ventuellement publi\u00e9es sur le r\u00e9seau respectif. Pour \u00e9viter cela, vous devez vous d\u00e9connecter de votre compte de m\u00e9dias sociaux avant de cliquer sur le graphique. Les diff\u00e9rents r\u00e9seaux de m\u00e9dias sociaux offrent \u00e9galement des param\u00e8tres que vous pouvez configurer en cons\u00e9quence. Les r\u00e9seaux sociaux suivants sont int\u00e9gr\u00e9s \u00e0 notre site par des graphiques li\u00e9s :        <\/p><p><strong>Facebook<\/strong><\/p><p>Facebook Ireland Limited, 4 Grand Canal Square, Dublin 2, Irlande, une filiale de Facebook Inc., 1601 S. California Ave., Palo Alto, CA 94304, USA. Politique de confidentialit\u00e9 : <a class=\"\" href=\"https:\/\/www.facebook.com\/policy.php\" target=\"_blank\" rel=\"noopener\">https:\/\/www.facebook.com\/policy.php<\/a>EU-US Privacy Shield <a class=\"\" href=\"https:\/\/www.privacyshield.gov\/participant?id=a2zt0000000GnywAAC&amp;status=Active\" target=\"_blank\" rel=\"noopener\">https:\/\/www.privacyshield.gov\/participant?id=a2zt0000000GnywAAC&amp;status=Active<\/a><\/p><p><strong>YouTube<\/strong><\/p><p>Google Ireland Limited, Gordon House, Barrow Street, Dublin 4, Irlande, une filiale de Google LLC, 1600 Amphitheatre Parkway, Mountain View, CA 94043 USA Politique de confidentialit\u00e9 : <a class=\"\" href=\"https:\/\/policies.google.com\/privacy\" target=\"_blank\" rel=\"noopener\">https:\/\/policies.google.com\/privacy<\/a>EU-US Privacy Shield <a class=\"\" href=\"https:\/\/www.privacyshield.gov\/participant?id=a2zt000000001L5AAI&amp;status=Active\" target=\"_blank\" rel=\"noopener\">https:\/\/www.privacyshield.gov<\/a><\/p><p><strong>Google fonts<\/strong><\/p><p>Notre site web utilise Google Fonts pour afficher des polices externes. Il s&rsquo;agit d&rsquo;un service fourni par Google Ireland Limited, Gordon House, Barrow Street, Dublin 4, Irlande (ci-apr\u00e8s : Google). Gr\u00e2ce \u00e0 la certification selon le EU-US Privacy Shield<a class=\"\" href=\"https:\/\/www.privacyshield.gov\/participant?id=a2zt000000001L5AAI&amp;status=Active\" target=\"_blank\" rel=\"noopener\">https:\/\/www.privacyshield.gov<\/a>Google garantit qu&rsquo;il suivra les r\u00e9glementations de l&rsquo;UE en mati\u00e8re de protection des donn\u00e9es lors du traitement des donn\u00e9es aux \u00c9tats-Unis. Pour permettre l&rsquo;affichage de certaines polices sur notre site web, une connexion au serveur Google aux \u00c9tats-Unis est \u00e9tablie chaque fois que notre site web est consult\u00e9. La base juridique est l&rsquo;art. 6 para. 1 lit. f) RGPD. Notre int\u00e9r\u00eat l\u00e9gitime r\u00e9side dans l&rsquo;optimisation et l&rsquo;exploitation \u00e9conomique de notre site. Lorsque vous acc\u00e9dez \u00e0 notre site, une connexion \u00e0 Google est \u00e9tablie \u00e0 partir de laquelle Google peut identifier le site \u00e0 partir duquel votre demande a \u00e9t\u00e9 envoy\u00e9e et \u00e0 quelle adresse IP les polices doivent \u00eatre transmises pour l&rsquo;affichage. Google offre des informations d\u00e9taill\u00e9es \u00e0<a class=\"\" href=\"https:\/\/adssettings.google.com\/authenticated\" target=\"_blank\" rel=\"noopener\">https:\/\/adssettings.google.com\/authenticated<\/a><a class=\"\" href=\"https:\/\/policies.google.com\/privacy\" target=\"_blank\" rel=\"noopener\">https:\/\/policies.google.com\/privacy<\/a>en particulier sur les options pour emp\u00eacher l&rsquo;utilisation des donn\u00e9es.   <\/p><p><strong>FontAwesome<\/strong><\/p><p>Afin de pouvoir afficher les polices et les \u00e9l\u00e9ments visuels de notre site web, nous utilisons les polices externes de FontAwesome. FontAwesome est un service de Fonticons Inc., 6 Porter Road, Apartment 3R, Cambridge, MA 02140, USA, ci-apr\u00e8s d\u00e9nomm\u00e9 \u00ab FontAwesome \u00bb. Lorsque vous acc\u00e9dez \u00e0 notre site web, une connexion est \u00e9tablie avec le serveur FontAwesome aux \u00c9tats-Unis afin de permettre et de mettre \u00e0 jour l&rsquo;affichage des polices et des \u00e9l\u00e9ments visuels. La base juridique est l&rsquo;art. 6 para. 1 lit. f) RGPD. Notre int\u00e9r\u00eat l\u00e9gitime r\u00e9side dans l&rsquo;optimisation et l&rsquo;exploitation \u00e9conomique de notre site web. En se connectant au serveur FontAwesome lorsque vous acc\u00e9dez \u00e0 notre site web, FontAwesome peut d\u00e9terminer \u00e0 partir de quel site web votre demande a \u00e9t\u00e9 envoy\u00e9e et \u00e0 quelle adresse IP la police doit \u00eatre envoy\u00e9e. \u00c0<a class=\"\" href=\"https:\/\/fontawesome.com\/privacy\" target=\"_blank\" rel=\"noopener\">https:\/\/fontawesome.com\/privacy<\/a>FontAwesome offre plus d&rsquo;informations, en particulier sur les options pour emp\u00eacher l&rsquo;utilisation des donn\u00e9es.<\/p><p><strong>YouTube<\/strong><\/p><p>Nous utilisons YouTube sur notre site web. Il s&rsquo;agit d&rsquo;un portail vid\u00e9o exploit\u00e9 par YouTube LLC, 901 Cherry Ave, 94066 San Bruno, CA, USA, ci-apr\u00e8s d\u00e9nomm\u00e9 \u00ab YouTube \u00bb. YouTube est une filiale de Google Ireland Limited, Gordon House, Barrow Street, Dublin 4, Irlande, ci-apr\u00e8s d\u00e9nomm\u00e9e \u00ab Google \u00bb. Gr\u00e2ce \u00e0 la certification conforme au bouclier de protection des donn\u00e9es UE-\u00c9tats-Unis <a class=\"\" href=\"https:\/\/www.privacyshield.gov\/participant?id=a2zt000000001L5AAI&amp;status=Active\" target=\"_blank\" rel=\"noopener\">https:\/\/www.privacyshield.gov<\/a>, Google et sa filiale YouTube garantissent qu&rsquo;elles respecteront les r\u00e9glementations europ\u00e9ennes en mati\u00e8re de protection des donn\u00e9es lors du traitement des donn\u00e9es aux \u00c9tats-Unis. Nous utilisons YouTube dans son mode de confidentialit\u00e9 avanc\u00e9 pour vous montrer des vid\u00e9os. La base juridique est l&rsquo;art. 6, paragraphe 1, point f) du RGPD. Notre int\u00e9r\u00eat l\u00e9gitime r\u00e9side dans l&rsquo;am\u00e9lioration de la qualit\u00e9 de notre site web. Selon YouTube, le mode de confidentialit\u00e9 avanc\u00e9 signifie que les donn\u00e9es sp\u00e9cifi\u00e9es ci-dessous ne seront transmises au serveur YouTube que si vous d\u00e9marrez r\u00e9ellement une vid\u00e9o. Sans ce mode, une connexion au serveur YouTube aux \u00c9tats-Unis sera \u00e9tablie d\u00e8s que vous acc\u00e9derez \u00e0 l&rsquo;une de nos pages web sur laquelle une vid\u00e9o YouTube est int\u00e9gr\u00e9e. Cette connexion est n\u00e9cessaire pour pouvoir afficher la vid\u00e9o respective sur notre site web dans votre navigateur. YouTube enregistrera et traitera au minimum votre adresse IP, la date et l&rsquo;heure d&rsquo;affichage de la vid\u00e9o, ainsi que le site web que vous avez visit\u00e9. De plus, une connexion au r\u00e9seau publicitaire DoubleClick de Google est \u00e9tablie. Si vous \u00eates connect\u00e9 \u00e0 YouTube lorsque vous acc\u00e9dez \u00e0 notre site, YouTube attribuera les informations de connexion \u00e0 votre compte YouTube. Pour \u00e9viter cela, vous devez soit vous d\u00e9connecter de YouTube avant de visiter notre site, soit effectuer les r\u00e9glages appropri\u00e9s dans votre compte YouTube. Aux fins de la fonctionnalit\u00e9 et de l&rsquo;analyse du comportement d&rsquo;utilisation, YouTube stocke en permanence des cookies sur votre appareil via votre navigateur. Si vous n&rsquo;acceptez pas ce traitement, vous avez la possibilit\u00e9 d&#8217;emp\u00eacher l&rsquo;installation de cookies en effectuant les r\u00e9glages appropri\u00e9s dans votre navigateur. Vous trouverez plus de d\u00e9tails dans la section sur les cookies ci-dessus. De plus amples informations sur la collecte et l&rsquo;utilisation des donn\u00e9es ainsi que sur vos droits et options de protection sont disponibles dans la politique de confidentialit\u00e9 de Google \u00e0 l&rsquo;adresse suivantexa0:          <\/p><\/div><div data-id=\"c7489e9\" data-element_type=\"widget\" data-widget_type=\"text-editor.default\"> <\/div><div class=\"elementor-element elementor-element-c7489e9 privacy elementor-widget elementor-widget-text-editor\" data-id=\"c7489e9\" data-element_type=\"widget\" data-widget_type=\"text-editor.default\"><a class=\"\" href=\"https:\/\/policies.google.com\/privacy\" target=\"_blank\" rel=\"noopener\">https:\/\/policies.google.com\/privacy<\/a><a class=\"\" href=\"https:\/\/www.ratgeberrecht.eu\/leistungen\/muster-datenschutzerklaerung.html\" target=\"_blank\" rel=\"noopener\">D\u00e9claration mod\u00e8le de protection des donn\u00e9es<\/a> pour <a class=\"\" href=\"https:\/\/www.ratgeberrecht.eu\/\" target=\"_blank\" rel=\"noopener\">Anwaltskanzlei Wei\u00df &amp; Partner<\/a><\/div>\t\t\t\t\t\t\t\t<\/div>\n\t\t\t\t<\/div>\n\t\t\t\t<\/div>\n\t\t\t\t\t<\/div>\n\t\t\t\t<\/div>\n\t\t\t\t<\/div>\n\t\t","protected":false},"excerpt":{"rendered":"<p>Politique de confidentialit\u00e9 Les donn\u00e9es personnelles (g\u00e9n\u00e9ralement d\u00e9sign\u00e9es simplement comme \u00ab donn\u00e9es \u00bb ci-dessous) ne seront trait\u00e9es par nous que dans la mesure n\u00e9cessaire et dans le but de fournir un site web fonctionnel et convivial, y compris son contenu et les services qui y sont propos\u00e9s. Selon l&rsquo;art. 4 n\u00b0 1 du r\u00e8glement (UE) [&hellip;]<\/p>\n","protected":false},"author":1,"featured_media":0,"parent":0,"menu_order":0,"comment_status":"closed","ping_status":"closed","template":"","meta":{"footnotes":""},"class_list":["post-1520","page","type-page","status-publish","hentry"],"_links":{"self":[{"href":"https:\/\/jeannicolasdiatkine.com\/fr\/wp-json\/wp\/v2\/pages\/1520","targetHints":{"allow":["GET"]}}],"collection":[{"href":"https:\/\/jeannicolasdiatkine.com\/fr\/wp-json\/wp\/v2\/pages"}],"about":[{"href":"https:\/\/jeannicolasdiatkine.com\/fr\/wp-json\/wp\/v2\/types\/page"}],"author":[{"embeddable":true,"href":"https:\/\/jeannicolasdiatkine.com\/fr\/wp-json\/wp\/v2\/users\/1"}],"replies":[{"embeddable":true,"href":"https:\/\/jeannicolasdiatkine.com\/fr\/wp-json\/wp\/v2\/comments?post=1520"}],"version-history":[{"count":1,"href":"https:\/\/jeannicolasdiatkine.com\/fr\/wp-json\/wp\/v2\/pages\/1520\/revisions"}],"predecessor-version":[{"id":1521,"href":"https:\/\/jeannicolasdiatkine.com\/fr\/wp-json\/wp\/v2\/pages\/1520\/revisions\/1521"}],"wp:attachment":[{"href":"https:\/\/jeannicolasdiatkine.com\/fr\/wp-json\/wp\/v2\/media?parent=1520"}],"curies":[{"name":"wp","href":"https:\/\/api.w.org\/{rel}","templated":true}]}}